{"id":100,"date":"2024-01-03T16:34:07","date_gmt":"2024-01-03T15:34:07","guid":{"rendered":"https:\/\/i-know.fr\/?page_id=100"},"modified":"2024-01-03T16:35:07","modified_gmt":"2024-01-03T15:35:07","slug":"nos-services","status":"publish","type":"page","link":"https:\/\/i-know.fr\/index.php\/nos-services\/","title":{"rendered":"Nos Services"},"content":{"rendered":"\n<h2 class=\"wp-block-heading\"><\/h2>\n\n\n\n<ul class=\"wp-block-list\">\n<li><strong>Management de Projet<\/strong>&nbsp;: Ma\u00eetrisez l\u2019art de la planification et de l\u2019ex\u00e9cution avec nos strat\u00e9gies \u00e9prouv\u00e9es.<\/li>\n\n\n\n<li><strong>Strat\u00e9gie d\u2019Entreprise<\/strong>&nbsp;: \u00c9laborez et mettez en \u0153uvre des strat\u00e9gies qui propulsent votre entreprise vers l\u2019avant.<\/li>\n\n\n\n<li><strong>Finance et Contr\u00f4le de Gestion<\/strong>&nbsp;: Optimisez votre performance financi\u00e8re avec notre expertise approfondie.<\/li>\n\n\n\n<li><strong>Digitalisation<\/strong>&nbsp;: Transformez votre entreprise pour l\u2019\u00e8re num\u00e9rique avec nos solutions innovantes.<\/li>\n\n\n\n<li><strong>Management du Changement<\/strong>&nbsp;: Naviguez \u00e0 travers le changement organisationnel avec assurance et agilit\u00e9.<\/li>\n\n\n\n<li><strong>Executive Coaching<\/strong>&nbsp;: Atteignez l\u2019excellence en leadership avec nos programmes sur mesure.<\/li>\n\n\n\n<li><strong>Accompagnement et mise en place des formations :<\/strong>&nbsp;Optimisez les Comp\u00e9tences de Votre \u00c9quipe pour un Impact Direct sur Votre Business.<\/li>\n<\/ul>\n","protected":false},"excerpt":{"rendered":"","protected":false},"author":1,"featured_media":0,"parent":0,"menu_order":0,"comment_status":"closed","ping_status":"closed","template":"","meta":{"footnotes":""},"class_list":["post-100","page","type-page","status-publish","hentry"],"yoast_head":"<!-- This site is optimized with the Yoast SEO plugin v21.8 - https:\/\/yoast.com\/wordpress\/plugins\/seo\/ -->\n<title>Nos Services - iKnow SAS France<\/title>\n<meta name=\"robots\" content=\"index, follow, max-snippet:-1, max-image-preview:large, max-video-preview:-1\" \/>\n<link rel=\"canonical\" href=\"https:\/\/i-know.fr\/index.php\/nos-services\/\" \/>\n<meta property=\"og:locale\" content=\"en_US\" \/>\n<meta property=\"og:type\" content=\"article\" \/>\n<meta property=\"og:title\" content=\"Nos Services - iKnow SAS France\" \/>\n<meta property=\"og:url\" content=\"https:\/\/i-know.fr\/index.php\/nos-services\/\" \/>\n<meta property=\"og:site_name\" content=\"iKnow SAS France\" \/>\n<meta property=\"article:modified_time\" content=\"2024-01-03T15:35:07+00:00\" \/>\n<meta name=\"twitter:card\" content=\"summary_large_image\" \/>\n<meta name=\"twitter:label1\" content=\"Est. reading time\" \/>\n\t<meta name=\"twitter:data1\" content=\"1 minute\" \/>\n<script type=\"application\/ld+json\" class=\"yoast-schema-graph\">{\"@context\":\"https:\/\/schema.org\",\"@graph\":[{\"@type\":\"WebPage\",\"@id\":\"https:\/\/i-know.fr\/index.php\/nos-services\/\",\"url\":\"https:\/\/i-know.fr\/index.php\/nos-services\/\",\"name\":\"Nos Services - iKnow SAS France\",\"isPartOf\":{\"@id\":\"https:\/\/i-know.fr\/#website\"},\"datePublished\":\"2024-01-03T15:34:07+00:00\",\"dateModified\":\"2024-01-03T15:35:07+00:00\",\"breadcrumb\":{\"@id\":\"https:\/\/i-know.fr\/index.php\/nos-services\/#breadcrumb\"},\"inLanguage\":\"en-US\",\"potentialAction\":[{\"@type\":\"ReadAction\",\"target\":[\"https:\/\/i-know.fr\/index.php\/nos-services\/\"]}]},{\"@type\":\"BreadcrumbList\",\"@id\":\"https:\/\/i-know.fr\/index.php\/nos-services\/#breadcrumb\",\"itemListElement\":[{\"@type\":\"ListItem\",\"position\":1,\"name\":\"Accueil\",\"item\":\"https:\/\/i-know.fr\/\"},{\"@type\":\"ListItem\",\"position\":2,\"name\":\"Nos Services\"}]},{\"@type\":\"WebSite\",\"@id\":\"https:\/\/i-know.fr\/#website\",\"url\":\"https:\/\/i-know.fr\/\",\"name\":\"iKnow SAS France\",\"description\":\"Changer le Monder avec nous!\",\"publisher\":{\"@id\":\"https:\/\/i-know.fr\/#organization\"},\"potentialAction\":[{\"@type\":\"SearchAction\",\"target\":{\"@type\":\"EntryPoint\",\"urlTemplate\":\"https:\/\/i-know.fr\/?s={search_term_string}\"},\"query-input\":\"required name=search_term_string\"}],\"inLanguage\":\"en-US\"},{\"@type\":\"Organization\",\"@id\":\"https:\/\/i-know.fr\/#organization\",\"name\":\"iKnow SAS France\",\"url\":\"https:\/\/i-know.fr\/\",\"logo\":{\"@type\":\"ImageObject\",\"inLanguage\":\"en-US\",\"@id\":\"https:\/\/i-know.fr\/#\/schema\/logo\/image\/\",\"url\":\"https:\/\/i-know.fr\/wp-content\/uploads\/2018\/12\/cropped-I_Know_Logo_Positive_CMYK.pdf\",\"contentUrl\":\"https:\/\/i-know.fr\/wp-content\/uploads\/2018\/12\/cropped-I_Know_Logo_Positive_CMYK.pdf\",\"width\":1,\"height\":1,\"caption\":\"iKnow SAS France\"},\"image\":{\"@id\":\"https:\/\/i-know.fr\/#\/schema\/logo\/image\/\"}}]}<\/script>\n<!-- \/ Yoast SEO plugin. -->","yoast_head_json":{"title":"Nos Services - iKnow SAS France","robots":{"index":"index","follow":"follow","max-snippet":"max-snippet:-1","max-image-preview":"max-image-preview:large","max-video-preview":"max-video-preview:-1"},"canonical":"https:\/\/i-know.fr\/index.php\/nos-services\/","og_locale":"en_US","og_type":"article","og_title":"Nos Services - iKnow SAS France","og_url":"https:\/\/i-know.fr\/index.php\/nos-services\/","og_site_name":"iKnow SAS France","article_modified_time":"2024-01-03T15:35:07+00:00","twitter_card":"summary_large_image","twitter_misc":{"Est. reading time":"1 minute"},"schema":{"@context":"https:\/\/schema.org","@graph":[{"@type":"WebPage","@id":"https:\/\/i-know.fr\/index.php\/nos-services\/","url":"https:\/\/i-know.fr\/index.php\/nos-services\/","name":"Nos Services - iKnow SAS France","isPartOf":{"@id":"https:\/\/i-know.fr\/#website"},"datePublished":"2024-01-03T15:34:07+00:00","dateModified":"2024-01-03T15:35:07+00:00","breadcrumb":{"@id":"https:\/\/i-know.fr\/index.php\/nos-services\/#breadcrumb"},"inLanguage":"en-US","potentialAction":[{"@type":"ReadAction","target":["https:\/\/i-know.fr\/index.php\/nos-services\/"]}]},{"@type":"BreadcrumbList","@id":"https:\/\/i-know.fr\/index.php\/nos-services\/#breadcrumb","itemListElement":[{"@type":"ListItem","position":1,"name":"Accueil","item":"https:\/\/i-know.fr\/"},{"@type":"ListItem","position":2,"name":"Nos Services"}]},{"@type":"WebSite","@id":"https:\/\/i-know.fr\/#website","url":"https:\/\/i-know.fr\/","name":"iKnow SAS France","description":"Changer le Monder avec nous!","publisher":{"@id":"https:\/\/i-know.fr\/#organization"},"potentialAction":[{"@type":"SearchAction","target":{"@type":"EntryPoint","urlTemplate":"https:\/\/i-know.fr\/?s={search_term_string}"},"query-input":"required name=search_term_string"}],"inLanguage":"en-US"},{"@type":"Organization","@id":"https:\/\/i-know.fr\/#organization","name":"iKnow SAS France","url":"https:\/\/i-know.fr\/","logo":{"@type":"ImageObject","inLanguage":"en-US","@id":"https:\/\/i-know.fr\/#\/schema\/logo\/image\/","url":"https:\/\/i-know.fr\/wp-content\/uploads\/2018\/12\/cropped-I_Know_Logo_Positive_CMYK.pdf","contentUrl":"https:\/\/i-know.fr\/wp-content\/uploads\/2018\/12\/cropped-I_Know_Logo_Positive_CMYK.pdf","width":1,"height":1,"caption":"iKnow SAS France"},"image":{"@id":"https:\/\/i-know.fr\/#\/schema\/logo\/image\/"}}]}},"_links":{"self":[{"href":"https:\/\/i-know.fr\/index.php\/wp-json\/wp\/v2\/pages\/100","targetHints":{"allow":["GET"]}}],"collection":[{"href":"https:\/\/i-know.fr\/index.php\/wp-json\/wp\/v2\/pages"}],"about":[{"href":"https:\/\/i-know.fr\/index.php\/wp-json\/wp\/v2\/types\/page"}],"author":[{"embeddable":true,"href":"https:\/\/i-know.fr\/index.php\/wp-json\/wp\/v2\/users\/1"}],"replies":[{"embeddable":true,"href":"https:\/\/i-know.fr\/index.php\/wp-json\/wp\/v2\/comments?post=100"}],"version-history":[{"count":2,"href":"https:\/\/i-know.fr\/index.php\/wp-json\/wp\/v2\/pages\/100\/revisions"}],"predecessor-version":[{"id":104,"href":"https:\/\/i-know.fr\/index.php\/wp-json\/wp\/v2\/pages\/100\/revisions\/104"}],"wp:attachment":[{"href":"https:\/\/i-know.fr\/index.php\/wp-json\/wp\/v2\/media?parent=100"}],"curies":[{"name":"wp","href":"https:\/\/api.w.org\/{rel}","templated":true}]}}